{"id":846,"date":"2016-01-17T08:51:24","date_gmt":"2016-01-17T07:51:24","guid":{"rendered":"http:\/\/majnika.si\/?page_id=846"},"modified":"2016-01-17T12:20:22","modified_gmt":"2016-01-17T11:20:22","slug":"biodinamicna-pridelava-2","status":"publish","type":"page","link":"https:\/\/vrt.majnika.si\/it\/biodinamicna-pridelava-2\/","title":{"rendered":"Biodinami\u010dna pridelava"},"content":{"rendered":"<div class='av-hotspot-image-container avia_animate_when_almost_visible   av-hotspot-numbered av-mobile-fallback-active    av-non-fullwidth-hotspot-image '  itemprop=\"ImageObject\" itemscope=\"itemscope\" itemtype=\"https:\/\/schema.org\/ImageObject\"  ><div class='av-hotspot-container'><div class='av-hotspot-container-inner-cell'><div class='av-hotspot-container-inner-wrap'><img class='avia_image ' src='https:\/\/vrt.majnika.si\/wp-content\/uploads\/2016\/01\/pasica-biodinamika-1500x250.jpg' alt='' title='pasica-biodinamika'  height=\"250\"width=\"1500\"  itemprop=\"thumbnailUrl\"  \/><\/div><\/div><\/div><\/div>\n<section class=\"av_textblock_section \"  itemscope=\"itemscope\" itemtype=\"https:\/\/schema.org\/CreativeWork\" ><div class='avia_textblock  '   itemprop=\"text\" ><h3 style=\"text-align: justify;\"><span style=\"color: #99cc00;\"><strong>Biodinami\u010dna hrana krepi \u017eivljenjske sile v organizmu<\/strong><\/span><\/h3>\n<p style=\"text-align: justify;\">Raziskovalka Lili Kolisko 1939. leta v uvodu svoje ob\u0161irne knjige <strong>Kmetijstvo prihodnosti<\/strong>, v kateri navaja in pojasnjuje \u0161tevilne znanstvene poskuse v povezavi s pridelavo ustrezne hrane, ki v sebi nosi dovolj \u017eivljenjskih sil, da resni\u010dno zmore nahraniti sodobnega \u010dloveka, pravi: \u00bb<strong><em>Brez ustrezne hrane, ki \u010dlove\u0161kemu organizmu posreduje \u017eivljenjske sile, ljudje ne morejo biti mo\u010dni in zdravi, niti sposobni, da razvijejo jasne misli in moralno mo\u010d, ki jih tako zelo potrebujemo<\/em>.<\/strong>\u00ab<\/p>\n<p style=\"text-align: justify;\">Kako pridelati hrano, ki ne bo polnila \u010dlovekovega \u017eelodca in \u010dloveka ohranjala v stanju, ko se neprestano ukvarja le s sabo, s svojim (ne)zdravjem in obskurnimi zadevami, ki meglijo njegovo jasno presojo, in mu na bolj ali manj udoben na\u010din prepre\u010duje, da bi odkril svojo vlogo v dru\u017ebi in osmislil svoje bivanje na tem svetu?<\/p>\n<p style=\"text-align: justify;\">Kako pridelati hrano, ki bo \u010dloveka nahranila tako na fizi\u010dni, kot na voljni in du\u0161evni ravni, njegovemu jazu pa omogo\u010dila, da aktivno spoznava svet, ki je v njem, in svet, ki ga obdaja, ter da v tem svetu ustvarja, kreira v skladu s svojim razvojem in razvojem \u010dlove\u0161tva?<\/p>\n<p style=\"text-align: justify;\">S takimi vpra\u0161anji se ukvarja tisti, ki se ukvarja <strong>z biodinamiko<\/strong>. Brez \u010dlovekovega spoznanja ni ustreznega pridelovanja hrane. Treba je spoznati in razumeti naravo in \u010dloveka, ritme v naravi in v \u010dloveku, \u010de \u017eelimo pridelati \u010dloveku primerno hrano. Brez modrosti o \u010dloveku (antropozofije) ni biodinamike. Brez hrane, kot je biodinami\u010dna, sodobni ljudje ne bodo mogli izpolniti svoje naloge, ki so si jo zadali v tem \u017eivljenju: aktivno kreirati razvoj \u010dlove\u0161tva &#8211; ne razvoja tehnike, temve\u010d razvoj \u010dloveka in s tem \u010dlove\u0161tva.<\/p>\n<blockquote>\n<p style=\"text-align: justify;\">Biodinamika na sre\u010do ni metoda in ni zbir navodil, ki bi nam olaj\u0161al na\u0161e delo. Ena in edina pot do zdrave, vitalne hrane je skozi spoznanje posameznika. Druge poti za zdrav razvoj \u010dlove\u0161tva ni.<\/p>\n<\/blockquote>\n<p style=\"text-align: justify;\">\u010ce nas boste obiskali in vas bo to zanimalo, boste lahko dobili nekaj odgovorov na zgornja vpra\u0161anja. Verjetno pa se vam bodo po obisku pri nas predvsem za\u010dela rojevati nova vpra\u0161anja. In ta so bistvena. Ta nas bodo vse skupaj vodila k pravemu napredku \u010dloveka in dru\u017ebe.<\/p>\n<p style=\"text-align: justify;\">Opomba: Nismo vklju\u010deni v Demeter kontrolo.<\/p>\n<\/div><\/section>\n","protected":false},"excerpt":{"rendered":"","protected":false},"author":1,"featured_media":0,"parent":0,"menu_order":0,"comment_status":"closed","ping_status":"closed","template":"","meta":[],"_links":{"self":[{"href":"https:\/\/vrt.majnika.si\/it\/wp-json\/wp\/v2\/pages\/846"}],"collection":[{"href":"https:\/\/vrt.majnika.si\/it\/wp-json\/wp\/v2\/pages"}],"about":[{"href":"https:\/\/vrt.majnika.si\/it\/wp-json\/wp\/v2\/types\/page"}],"author":[{"embeddable":true,"href":"https:\/\/vrt.majnika.si\/it\/wp-json\/wp\/v2\/users\/1"}],"replies":[{"embeddable":true,"href":"https:\/\/vrt.majnika.si\/it\/wp-json\/wp\/v2\/comments?post=846"}],"version-history":[{"count":6,"href":"https:\/\/vrt.majnika.si\/it\/wp-json\/wp\/v2\/pages\/846\/revisions"}],"predecessor-version":[{"id":876,"href":"https:\/\/vrt.majnika.si\/it\/wp-json\/wp\/v2\/pages\/846\/revisions\/876"}],"wp:attachment":[{"href":"https:\/\/vrt.majnika.si\/it\/wp-json\/wp\/v2\/media?parent=846"}],"curies":[{"name":"wp","href":"https:\/\/api.w.org\/{rel}","templated":true}]}}