{"id":619,"date":"2015-12-28T19:32:22","date_gmt":"2015-12-28T18:32:22","guid":{"rendered":"http:\/\/majnika.si\/?page_id=619"},"modified":"2019-02-19T09:13:11","modified_gmt":"2019-02-19T08:13:11","slug":"kuhinjska-sol-s-korenino-svetlobe","status":"publish","type":"page","link":"https:\/\/vrt.majnika.si\/it\/kuhinjska-sol-s-korenino-svetlobe\/","title":{"rendered":"Kuhinjska zeli\u0161\u010dna sol Majnika Premium s korenino svetlobe"},"content":{"rendered":"<p><div class='av-hotspot-image-container avia_animate_when_almost_visible   av-hotspot-numbered av-mobile-fallback-active    av-non-fullwidth-hotspot-image '  itemprop=\"ImageObject\" itemscope=\"itemscope\" itemtype=\"https:\/\/schema.org\/ImageObject\"  ><div class='av-hotspot-container'><div class='av-hotspot-container-inner-cell'><div class='av-hotspot-container-inner-wrap'><img class='avia_image ' src='https:\/\/vrt.majnika.si\/wp-content\/uploads\/2015\/12\/premium-sol.jpg' alt='' title='premium sol'  height=\"250\"width=\"1500\"  itemprop=\"thumbnailUrl\"  \/><\/div><\/div><\/div><\/div><\/p>\n<section class=\"av_textblock_section \"  itemscope=\"itemscope\" itemtype=\"https:\/\/schema.org\/CreativeWork\" ><div class='avia_textblock  '   itemprop=\"text\" ><h3 style=\"text-align: justify;\"><strong>Kuhinjska zeli\u0161\u010dna sol Majnika Premium s korenino svetlobe<\/strong><\/h3>\n<p style=\"text-align: justify;\">Kuhinjska zeli\u0161\u010dna sol Majnika Premium vsebuje tradicionalno pridelano (nerafinirano, nejodirano) Piransko sol ter finomleto me\u0161anico iz posu\u0161enih listov zelenjave in zeli\u0161\u010d <strong>iz kontrolirane ekolo\u0161ke pridelave, pridelanih izklju\u010dno na zeli\u0161\u010dnem vrtu Majnika v \u017di\u010dah pri Slovenskih<\/strong> <strong>Konjicah<\/strong>: peter\u0161ilja, korenja, g. zelene, drobnjaka, \u010debule, pora, origana, timijana, ro\u017emarina, lu\u0161treka, lovorja, bazilike, brokolija, cveta\u010de, pastinaka, \u0161etraja, majarona, ohrovta, zelja in korenine svetlobe.<\/p>\n<p style=\"text-align: justify;\">Najve\u010dja posebnost zeli\u0161\u010dne soli Majnika Premium je <strong><em>Dioscorea batatas<\/em><\/strong> oz. <strong>korenina svetlobe<\/strong>, poimenovana tudi svetlobni koren ali jam. Na nem\u0161ko govore\u010dih podro\u010djih jo imenujejo <em>Yamswurzel<\/em> ali <em>Lichtyamswurzel<\/em>. U\u017eivanje korenine svetlobe je priporo\u010dal utemeljitelj biodinami\u010dnega kmetijstva dr. Rudolf Steiner, in sicer predvsem zato, ker ima korenina svetlobe zmo\u017enost vna\u0161anja svetlobe v \u010dlovekov organizem. Zaradi sodobnega na\u010dina \u017eivljenja \u2013 neprestani stres, hitenje, vseprisotna sevanja tehni\u010dnih elektronskih naprav \u2013 namre\u010d \u010dlovek vedno bolj temni, mra\u010di, s tem pa izgublja svojo notranjo svetlobo, \u017eivljenjske sile, ki so pomembne za ohranjanje zdravja in s tem zmo\u017enosti individualnega razvoja in razvoja \u010dlove\u0161tva v celoti.<\/p>\n<p style=\"text-align: justify;\"><strong>Tudi Usain Bolt u\u017eiva korenino svetlobe<\/strong><\/p>\n<p style=\"text-align: justify;\">\u0160ir\u0161i javnosti je <em>Dioscorea batatas<\/em> postala znana po tem, ko je Wellesley Bolt, o\u010de svetovnega rekorderja v sprintu na 100 in 200 metrov Usaina Bolta, v intervjuju za nem\u0161ki <em>Spiegel<\/em> povedal, da je k hitrosti njegovega sina gotovo pripomogel jam, ki ga Usain u\u017eiva \u017ee od malih nog. Wellesley Bolt je namre\u010d pridelovalec korenine svetlobe, ki jo v njihovi dru\u017eini, podobno kot \u0161tevilni drugi na Karibih, Ju\u017eni Ameriki, Aziji ali Afriki, redno u\u017eivajo.<\/p>\n<p style=\"text-align: justify;\"><strong>Kaj vsebuje?<\/strong><\/p>\n<p style=\"text-align: justify;\">Korenina svetlobe ima zelo pestro sestavo hranilnih snovi. Gomolj vsebuje \u0161krob, beljakovine, ma\u0161\u010dobe, aminokisline, saponine; polisaharide, sluzi, vitamine in 31 razli\u010dnih elementov v sledeh. Kot re\u010deno, pa posebnost korenine svetlobe ni njena bogata sestava, temve\u010d predvsem njena zmo\u017enost hranjenja svetlobnih etrov, ki jih ljudje potrebujemo in jih bomo v prihodnosti vedno bolj potrebovali. Fiziolo\u0161ka presnova svetlobe, tj. sprostitev svetlobe iz \u017eivila, je namre\u010d danes med drugim zaradi visokotehnolo\u0161ke obdelave \u017eivilskih surovin zelo ote\u017eena. S sodobno obdelavo \u017eivil se hrani, ki jo u\u017eivamo, odvzame prav ta notranja kvaliteta. U\u017eivanje \u017eivil, ki vsebujejo korenino svetlobe, lahko pripomore k izravnavi tega manjka.<\/p>\n<p><strong>Kako jo lahko naro\u010dite in kje kupite<\/strong><strong>?<\/strong><\/p>\n<p><b>M:<\/b> 031 317 109<br \/>\n<strong>M:\u00a0<\/strong>031 342 107<br \/>\n<strong>E:<\/strong>\u00a0<a href=\"mailto:zeliscni.vrt.majnika@gmail.com\">zeliscni.vrt.majnika@gmail.com<\/a><br \/>\n<strong>FB:<\/strong>\u00a0<a href=\"https:\/\/www.facebook.com\/ZeliscniVrtMajnika\/\">Zeli\u0161\u010dni Vrt Majnika<\/a><\/p>\n<p><strong>Prodajna mesta:<\/strong><\/p>\n<ul>\n<li><a href=\"http:\/\/www.maxi.si\/\" target=\"_blank\">Maximarket Ljubljana<\/a><\/li>\n<li><a href=\"http:\/\/www.zeleni-zabojcek.si\/zz\/\" target=\"_blank\">Eko zadruga (zeleni zaboj\u010dek)<\/a><\/li>\n<li><a href=\"http:\/\/www.biosi.si\/\" target=\"_blank\">BioSi Celje<\/a><\/li>\n<li><a href=\"https:\/\/www.google.si\/maps\/place\/%C5%BDi%C4%8Dka+kartuzija\/@46.3115807,15.3914014,17z\/data=!4m2!3m1!1s0x4765793cad89bc51:0x985c2d8458946b72?hl=sl\" target=\"_blank\">\u017di\u010dka kartuzija<\/a>\u00a0\u2013 prodajalna.<\/li>\n<\/ul>\n<p style=\"text-align: justify;\">\u00a0<a href=\"http:\/\/majnika.si\/wp-content\/uploads\/2015\/12\/Premium-2.jpg\" rel=\"attachment wp-att-781\"><img loading=\"lazy\" class=\"alignnone wp-image-781\" src=\"http:\/\/majnika.si\/wp-content\/uploads\/2015\/12\/Premium-2.jpg\" alt=\"Premium 2\" width=\"356\" height=\"237\" srcset=\"https:\/\/vrt.majnika.si\/wp-content\/uploads\/2015\/12\/Premium-2.jpg 800w, https:\/\/vrt.majnika.si\/wp-content\/uploads\/2015\/12\/Premium-2-300x200.jpg 300w, https:\/\/vrt.majnika.si\/wp-content\/uploads\/2015\/12\/Premium-2-768x512.jpg 768w, https:\/\/vrt.majnika.si\/wp-content\/uploads\/2015\/12\/Premium-2-705x470.jpg 705w, https:\/\/vrt.majnika.si\/wp-content\/uploads\/2015\/12\/Premium-2-450x300.jpg 450w\" sizes=\"(max-width: 356px) 100vw, 356px\" \/>\u00a0\u00a0<\/a><a href=\"http:\/\/majnika.si\/wp-content\/uploads\/2015\/12\/Korenina-svetlobe-1.jpg\" rel=\"attachment wp-att-783\"><img loading=\"lazy\" class=\"alignnone wp-image-783\" src=\"http:\/\/majnika.si\/wp-content\/uploads\/2015\/12\/Korenina-svetlobe-1.jpg\" alt=\"Korenina svetlobe\" width=\"356\" height=\"237\" srcset=\"https:\/\/vrt.majnika.si\/wp-content\/uploads\/2015\/12\/Korenina-svetlobe-1.jpg 800w, https:\/\/vrt.majnika.si\/wp-content\/uploads\/2015\/12\/Korenina-svetlobe-1-300x200.jpg 300w, https:\/\/vrt.majnika.si\/wp-content\/uploads\/2015\/12\/Korenina-svetlobe-1-768x512.jpg 768w, https:\/\/vrt.majnika.si\/wp-content\/uploads\/2015\/12\/Korenina-svetlobe-1-705x470.jpg 705w, https:\/\/vrt.majnika.si\/wp-content\/uploads\/2015\/12\/Korenina-svetlobe-1-450x300.jpg 450w\" sizes=\"(max-width: 356px) 100vw, 356px\" \/><\/a><\/p>\n<\/div><\/section>\n<p><div class='av-social-sharing-box  '><div class='av-share-box'><h5 class='av-share-link-description'>Deli s prijatelji<\/h5><ul class='av-share-box-list noLightbox'><li class='av-share-link av-social-link-facebook' ><a target='_blank' href='http:\/\/www.facebook.com\/sharer.php?u=https:\/\/vrt.majnika.si\/it\/kuhinjska-sol-s-korenino-svetlobe\/&amp;t=Kuhinjska%20zeli%C5%A1%C4%8Dna%20sol%20Majnika%20Premium%20s%20korenino%20svetlobe' aria-hidden='true' data-av_icon='\ue8f3' data-av_iconfont='entypo-fontello' title='' data-avia-related-tooltip='Condividi su Facebook'><span class='avia_hidden_link_text'>Condividi su Facebook<\/span><\/a><\/li><li class='av-share-link av-social-link-twitter' ><a target='_blank' href='https:\/\/twitter.com\/share?text=Kuhinjska%20zeli%C5%A1%C4%8Dna%20sol%20Majnika%20Premium%20s%20korenino%20svetlobe&url=https:\/\/vrt.majnika.si\/it\/?p=619' aria-hidden='true' data-av_icon='\ue8f1' data-av_iconfont='entypo-fontello' title='' data-avia-related-tooltip='Condividi su Twitter'><span class='avia_hidden_link_text'>Condividi su Twitter<\/span><\/a><\/li><li class='av-share-link av-social-link-gplus' ><a target='_blank' href='https:\/\/plus.google.com\/share?url=https:\/\/vrt.majnika.si\/it\/kuhinjska-sol-s-korenino-svetlobe\/' aria-hidden='true' data-av_icon='\ue8f6' data-av_iconfont='entypo-fontello' title='' data-avia-related-tooltip='Condividi su Google+'><span class='avia_hidden_link_text'>Condividi su Google+<\/span><\/a><\/li><li class='av-share-link av-social-link-pinterest' ><a target='_blank' href='http:\/\/pinterest.com\/pin\/create\/button\/?url=https%3A%2F%2Fvrt.majnika.si%2Fit%2Fkuhinjska-sol-s-korenino-svetlobe%2F&amp;description=Kuhinjska%20zeli%C5%A1%C4%8Dna%20sol%20Majnika%20Premium%20s%20korenino%20svetlobe&amp;media=' aria-hidden='true' data-av_icon='\ue8f8' data-av_iconfont='entypo-fontello' title='' data-avia-related-tooltip='Condividi su Pinterest'><span class='avia_hidden_link_text'>Condividi su Pinterest<\/span><\/a><\/li><li class='av-share-link av-social-link-linkedin' ><a target='_blank' href='http:\/\/linkedin.com\/shareArticle?mini=true&amp;title=Kuhinjska%20zeli%C5%A1%C4%8Dna%20sol%20Majnika%20Premium%20s%20korenino%20svetlobe&amp;url=https:\/\/vrt.majnika.si\/it\/kuhinjska-sol-s-korenino-svetlobe\/' aria-hidden='true' data-av_icon='\ue8fc' data-av_iconfont='entypo-fontello' title='' data-avia-related-tooltip='Condividi su Linkedin'><span class='avia_hidden_link_text'>Condividi su Linkedin<\/span><\/a><\/li><li class='av-share-link av-social-link-mail' ><a  href='mailto:?subject=Kuhinjska%20zeli%C5%A1%C4%8Dna%20sol%20Majnika%20Premium%20s%20korenino%20svetlobe&amp;body=https:\/\/vrt.majnika.si\/it\/kuhinjska-sol-s-korenino-svetlobe\/' aria-hidden='true' data-av_icon='\ue805' data-av_iconfont='entypo-fontello' title='' data-avia-related-tooltip='Condividi attraverso Mail'><span class='avia_hidden_link_text'>Condividi attraverso Mail<\/span><\/a><\/li><\/ul><\/div><\/div><\/p>","protected":false},"excerpt":{"rendered":"","protected":false},"author":1,"featured_media":0,"parent":0,"menu_order":0,"comment_status":"closed","ping_status":"closed","template":"","meta":[],"_links":{"self":[{"href":"https:\/\/vrt.majnika.si\/it\/wp-json\/wp\/v2\/pages\/619"}],"collection":[{"href":"https:\/\/vrt.majnika.si\/it\/wp-json\/wp\/v2\/pages"}],"about":[{"href":"https:\/\/vrt.majnika.si\/it\/wp-json\/wp\/v2\/types\/page"}],"author":[{"embeddable":true,"href":"https:\/\/vrt.majnika.si\/it\/wp-json\/wp\/v2\/users\/1"}],"replies":[{"embeddable":true,"href":"https:\/\/vrt.majnika.si\/it\/wp-json\/wp\/v2\/comments?post=619"}],"version-history":[{"count":9,"href":"https:\/\/vrt.majnika.si\/it\/wp-json\/wp\/v2\/pages\/619\/revisions"}],"predecessor-version":[{"id":1136,"href":"https:\/\/vrt.majnika.si\/it\/wp-json\/wp\/v2\/pages\/619\/revisions\/1136"}],"wp:attachment":[{"href":"https:\/\/vrt.majnika.si\/it\/wp-json\/wp\/v2\/media?parent=619"}],"curies":[{"name":"wp","href":"https:\/\/api.w.org\/{rel}","templated":true}]}}