{"id":413,"date":"2015-11-06T20:41:02","date_gmt":"2015-11-06T19:41:02","guid":{"rendered":"http:\/\/majnika.si\/?page_id=413"},"modified":"2019-02-24T12:17:15","modified_gmt":"2019-02-24T11:17:15","slug":"nasa-zgodba","status":"publish","type":"page","link":"https:\/\/vrt.majnika.si\/it\/nasa-zgodba\/","title":{"rendered":"Na\u0161a zgodba"},"content":{"rendered":"<p><div class='av-hotspot-image-container avia_animate_when_almost_visible   av-hotspot-numbered av-mobile-fallback-active    av-non-fullwidth-hotspot-image '  itemprop=\"ImageObject\" itemscope=\"itemscope\" itemtype=\"https:\/\/schema.org\/ImageObject\"  ><div class='av-hotspot-container'><div class='av-hotspot-container-inner-cell'><div class='av-hotspot-container-inner-wrap'><img class='avia_image ' src='https:\/\/vrt.majnika.si\/wp-content\/uploads\/2015\/11\/zeli\u0161\u010dni-vrt-1500x250.jpg' alt='' title='zeli\u0161\u010dni vrt'  height=\"250\"width=\"1500\"  itemprop=\"thumbnailUrl\"  \/><\/div><\/div><\/div><\/div><\/p>\n<section class=\"av_textblock_section \"  itemscope=\"itemscope\" itemtype=\"https:\/\/schema.org\/CreativeWork\" ><div class='avia_textblock  '   itemprop=\"text\" ><p style=\"text-align: justify;\"><strong>Od kod ime Majnika?<\/strong><\/p>\n<p style=\"text-align: justify;\">Zeli\u0161\u010dni vrt imena ni dobil po mesecu maju, \u010deprav je Majda Temnik, ki ga je zasnovala, rojena v maju. Zgodba sega kar precej let nazaj \u2026<\/p>\n<p style=\"text-align: justify;\">Ko je bila Majda Temnik \u0161e \u010disto majhen otrok, jo je mama prvi\u010d poslala v edino trgovino na vasi, kjer je morala povedati, za koga kupuje oz. kdo je. Naro\u010dila ji je, naj pove: \u00bbJaz sem Majda Trebovc.\u00ab Ker pa Majda \u0161e ni znala lepo govoriti, je njen odgovor na vpra\u0161anje trgovca, kdo je, zvenel nekako takole: \u00bbMajnika Boc.\u00ab Trgovcu se je mala pun\u010dka s kodrastimi lasmi zelo prikupila, tako da jo je vedno, ko je pri\u0161la v trgovino, pozdravil z besedami: \u00bbO, moja Majnika je pri\u0161la.\u00ab<\/p>\n<p style=\"text-align: justify;\">Precej let kasneje, ko se je Majda upokojila in je s pomo\u010djo otrok, sorodnikov in prijateljev lahko za\u010dela uresni\u010devati mladostne sanje o svojem zeli\u0161\u010dnem vrtu, je narava stvari pripeljala do tega, da je bilo treba izbrati ime za vrt \u2026 Majnika je bilo kot na dlani \u2026<\/p>\n<p style=\"text-align: justify;\"><strong>Kdo je Majda?<\/strong><\/p>\n<p style=\"text-align: justify;\">Majda Temnik si je s prvo nagrado za uspeh v srednji \u0161oli kupila knjigo Richarda Willforta <em>Zdravilne rastline in njih uporaba<\/em>. Uspe\u0161no je kon\u010dala prvi letnik \u0161tudija farmacije v Ljubljani, a je zaradi rojstva prvega sina in gradnje hi\u0161e v doma\u010dih \u017di\u010dah ta \u0161tudij opustila in \u0161tudij nadaljevala v Mariboru ter si pridobila naziv univerzitetni diplomirani in\u017eenir kemijske tehnologije. Po letih dela v laboratorijih nekdaj zelo mogo\u010dnih tovarn s celjskega in konji\u0161kega podro\u010dja \u2013 Aero, Konus in Comet, se je po smrti mo\u017ea odlo\u010dila za druga\u010dno pot. Opravila je pedago\u0161ko-andrago\u0161ke izpite in strokovni izpit ter za\u010dela pou\u010devati na Srednji \u0161oli za gostinstvo in turizem v Celju. Prav tako je opravila izpit za lokalnega turisti\u010dnega vodnika in je tako slovenskim kot tujim obiskovalcem med drugim z veseljem razkazovala lepote \u017di\u010dke kartuzije ter dvorca Trebnik s krasno urejenim zeli\u0161\u010dnim vrtom. Pou\u010devanje in mladi so ji v veliko veselje tudi sedaj, ko je v pokoju.<\/p>\n<p style=\"text-align: justify;\"><strong>Kdo \u0161e ustvarja Zeli\u0161\u010dni vrt Majnika?<\/strong><\/p>\n<p style=\"text-align: justify;\">Na zeli\u0161\u010dnem vrtu Majnika (in ob njem) se trudimo ustvarjati pristne \u010dlove\u0161ke odnose, prijazno okolje, najbolj kakovostne izdelke in vedno \u017eiv zeli\u0161\u010dni vrt.\u00a0Za\u00a0zeli\u0161\u010dno skupnost skrbimo:<\/p>\n<p style=\"text-align: justify;\">Majda, ki je srce in du\u0161a tega vrta,\u00a0h\u010di Katja, sin Primo\u017e\u00a0in\u00a0energi\u010dna mlada pomo\u010dnica Katja. Vedno v oporo so nam tudi Polona s strokovnimi nasveti, Urban s \u010dudovitimi slikami in grafi\u010dnimi predlogi ter Mito in Jo\u017eica, ki sta vedno tu za nas.<\/p>\n<p style=\"text-align: justify;\">Neprecenljivi za nas so\u00a0tudi \u0161tevilni dragoceni prijatelji, sorodniki in\u00a0sosedi, ki nam vedno, ko jih potrebujemo, prisko\u010dijo na pomo\u010d.<\/p>\n<p style=\"text-align: justify;\">Posebna zahvala gre Andreju ml., ki je zaslu\u017een za preobrazbo zelenega travnika\u00a0v\u00a0\u017eivo pisan zeli\u0161\u010dni raj.<\/p>\n<\/div><\/section>\n<p><div class='av-social-sharing-box  '><div class='av-share-box'><h5 class='av-share-link-description'>Deli s prijatelji<\/h5><ul class='av-share-box-list noLightbox'><li class='av-share-link av-social-link-facebook' ><a target='_blank' href='http:\/\/www.facebook.com\/sharer.php?u=https:\/\/vrt.majnika.si\/it\/nasa-zgodba\/&amp;t=Na%C5%A1a%20zgodba' aria-hidden='true' data-av_icon='\ue8f3' data-av_iconfont='entypo-fontello' title='' data-avia-related-tooltip='Condividi su Facebook'><span class='avia_hidden_link_text'>Condividi su Facebook<\/span><\/a><\/li><li class='av-share-link av-social-link-twitter' ><a target='_blank' href='https:\/\/twitter.com\/share?text=Na%C5%A1a%20zgodba&url=https:\/\/vrt.majnika.si\/it\/?p=413' aria-hidden='true' data-av_icon='\ue8f1' data-av_iconfont='entypo-fontello' title='' data-avia-related-tooltip='Condividi su Twitter'><span class='avia_hidden_link_text'>Condividi su Twitter<\/span><\/a><\/li><li class='av-share-link av-social-link-gplus' ><a target='_blank' href='https:\/\/plus.google.com\/share?url=https:\/\/vrt.majnika.si\/it\/nasa-zgodba\/' aria-hidden='true' data-av_icon='\ue8f6' data-av_iconfont='entypo-fontello' title='' data-avia-related-tooltip='Condividi su Google+'><span class='avia_hidden_link_text'>Condividi su Google+<\/span><\/a><\/li><li class='av-share-link av-social-link-pinterest' ><a target='_blank' href='http:\/\/pinterest.com\/pin\/create\/button\/?url=https%3A%2F%2Fvrt.majnika.si%2Fit%2Fnasa-zgodba%2F&amp;description=Na%C5%A1a%20zgodba&amp;media=' aria-hidden='true' data-av_icon='\ue8f8' data-av_iconfont='entypo-fontello' title='' data-avia-related-tooltip='Condividi su Pinterest'><span class='avia_hidden_link_text'>Condividi su Pinterest<\/span><\/a><\/li><li class='av-share-link av-social-link-linkedin' ><a target='_blank' href='http:\/\/linkedin.com\/shareArticle?mini=true&amp;title=Na%C5%A1a%20zgodba&amp;url=https:\/\/vrt.majnika.si\/it\/nasa-zgodba\/' aria-hidden='true' data-av_icon='\ue8fc' data-av_iconfont='entypo-fontello' title='' data-avia-related-tooltip='Condividi su Linkedin'><span class='avia_hidden_link_text'>Condividi su Linkedin<\/span><\/a><\/li><li class='av-share-link av-social-link-mail' ><a  href='mailto:?subject=Na%C5%A1a%20zgodba&amp;body=https:\/\/vrt.majnika.si\/it\/nasa-zgodba\/' aria-hidden='true' data-av_icon='\ue805' data-av_iconfont='entypo-fontello' title='' data-avia-related-tooltip='Condividi attraverso Mail'><span class='avia_hidden_link_text'>Condividi attraverso Mail<\/span><\/a><\/li><\/ul><\/div><\/div><\/p>","protected":false},"excerpt":{"rendered":"","protected":false},"author":1,"featured_media":0,"parent":0,"menu_order":0,"comment_status":"closed","ping_status":"closed","template":"","meta":[],"_links":{"self":[{"href":"https:\/\/vrt.majnika.si\/it\/wp-json\/wp\/v2\/pages\/413"}],"collection":[{"href":"https:\/\/vrt.majnika.si\/it\/wp-json\/wp\/v2\/pages"}],"about":[{"href":"https:\/\/vrt.majnika.si\/it\/wp-json\/wp\/v2\/types\/page"}],"author":[{"embeddable":true,"href":"https:\/\/vrt.majnika.si\/it\/wp-json\/wp\/v2\/users\/1"}],"replies":[{"embeddable":true,"href":"https:\/\/vrt.majnika.si\/it\/wp-json\/wp\/v2\/comments?post=413"}],"version-history":[{"count":22,"href":"https:\/\/vrt.majnika.si\/it\/wp-json\/wp\/v2\/pages\/413\/revisions"}],"predecessor-version":[{"id":1140,"href":"https:\/\/vrt.majnika.si\/it\/wp-json\/wp\/v2\/pages\/413\/revisions\/1140"}],"wp:attachment":[{"href":"https:\/\/vrt.majnika.si\/it\/wp-json\/wp\/v2\/media?parent=413"}],"curies":[{"name":"wp","href":"https:\/\/api.w.org\/{rel}","templated":true}]}}