{"id":407,"date":"2015-11-06T20:37:34","date_gmt":"2015-11-06T19:37:34","guid":{"rendered":"http:\/\/majnika.si\/?page_id=407"},"modified":"2016-01-17T12:28:17","modified_gmt":"2016-01-17T11:28:17","slug":"zeliscna-sol-majnika","status":"publish","type":"page","link":"https:\/\/vrt.majnika.si\/it\/zeliscna-sol-majnika\/","title":{"rendered":"Zeli\u0161\u010dna sol Majnika"},"content":{"rendered":"<div class='av-hotspot-image-container avia_animate_when_almost_visible   av-hotspot-numbered av-mobile-fallback-active    av-non-fullwidth-hotspot-image '  itemprop=\"ImageObject\" itemscope=\"itemscope\" itemtype=\"https:\/\/schema.org\/ImageObject\"  ><div class='av-hotspot-container'><div class='av-hotspot-container-inner-cell'><div class='av-hotspot-container-inner-wrap'><img class='avia_image ' src='https:\/\/vrt.majnika.si\/wp-content\/uploads\/2015\/11\/Zeli\u0161\u010dna-sol-1500x250.jpg' alt='' title='Zeli\u0161\u010dna sol'  height=\"250\"width=\"1500\"  itemprop=\"thumbnailUrl\"  \/><\/div><\/div><\/div><\/div>\n<section class=\"av_textblock_section \"  itemscope=\"itemscope\" itemtype=\"https:\/\/schema.org\/CreativeWork\" ><div class='avia_textblock  '   itemprop=\"text\" ><h3 style=\"text-align: justify;\"><span style=\"color: #99cc00;\"><strong>Zeli\u0161\u010dna sol Majnika<\/strong><\/span><\/h3>\n<p style=\"text-align: justify;\"><span style=\"color: #99cc00;\"><strong>Za v kuhinjo ali v kad?<br \/>\n<\/strong><\/span>Zeli\u0161\u010dna sol Majnika je narejena za uporabo v kuhinji. Uporabljamo jo za vse vrste slanih jedi \u2013 od juh, enolon\u010dnic, omak in solat, do ribjih jedi, obar, gola\u017eev in slastnih pe\u010denk.\u00a0Naredite poskus in primerjajte va\u0161o jed brez zeli\u0161\u010dne soli Majnika in z njo. Z veseljem pri\u010dakujemo va\u0161e vtise.<\/p>\n<p style=\"text-align: justify;\"><span style=\"color: #99cc00;\"><strong>Sestavljena je iz?<br \/>\n<\/strong><\/span>Je povsem naraven dodatek hrani, v celoti pridelan v Sloveniji. Uporabljena je tradicionalna Piranska sol, ki je ro\u010dno pridelana, je nerafinirana in ni umetno dodatno jodirana. Povsem naravna, ekolo\u0161ka so tudi zeli\u0161\u010da, ki so rastla izklju\u010dno na zeli\u0161\u010dnem vrtu Majnika v \u017di\u010dah in na gredah ob njem.\u00a0V njej najdemo peter\u0161ilj, korenje, g. zeleno, drobnjak, \u010debulo, por, origano, timijan, ro\u017emarin, lu\u0161trek, lovor, bazilika, brokoli, cveta\u010do, pastina\u00adk, \u0161etraj, majaron, ohrovt in zelje.<\/p>\n<p><span style=\"color: #99cc00;\"><strong>Kako je nastala?<br \/>\n<\/strong><\/span>Nastala je iz spontanega posku\u0161anja, kako bi umetne ju\u0161ne osnove zamenjali z naravnimi sestavinami.\u00a0\u010ce umetne dodatke, ki \u00bbbogatijo\u00ab jedi, uporabljamo vsak dan, si lahko v svoje vsakdanje obroke nasujemo snovi, ki se nalagajo v na\u0161em telesu in nanj slabo vplivajo. Lahko pa se odlo\u010dimo tudi druga\u010de.\u00a0Na\u0161e jedi si vsak dan resni\u010dno obogatimo s povsem naravno me\u0161anico soli in zeli\u0161\u010d. Zeli\u0161\u010dna sol Majnika je narejena prav s tem namenom. Ker \u017eelimo svojim jedem dodati slast in vitalnost.<\/p>\n<p style=\"text-align: justify;\"><span style=\"color: #99cc00;\"><strong>Kako jo lahko naro\u010dite in kje kupite<\/strong><strong>?<\/strong><\/span><\/p>\n<p style=\"text-align: justify;\"><b>M:<\/b> 031 317 109<br \/>\n<strong>M:\u00a0<\/strong>031 342 107<br \/>\n<strong>E:<\/strong>\u00a0<a href=\"mailto:zeliscni.vrt.majnika@gmail.com\">zeliscni.vrt.majnika@gmail.com<\/a><br \/>\n<strong>FB:<\/strong>\u00a0<a href=\"https:\/\/www.facebook.com\/ZeliscniVrtMajnika\/\">Zeli\u0161\u010dni Vrt Majnika<\/a><\/p>\n<p style=\"text-align: justify;\"><strong>Prodajna mesta:<\/strong><\/p>\n<ul>\n<li style=\"text-align: justify;\"><a href=\"http:\/\/www.maxi.si\/\" target=\"_blank\">Maximarket Ljubljana<\/a><\/li>\n<li><a href=\"http:\/\/www.zeleni-zabojcek.si\/zz\/\" target=\"_blank\">Eko zadruga (zeleni zaboj\u010dek)<\/a><\/li>\n<li><a href=\"http:\/\/www.biosi.si\/\" target=\"_blank\">BioSi Celje<\/a><\/li>\n<li><a href=\"https:\/\/www.google.si\/maps\/place\/%C5%BDi%C4%8Dka+kartuzija\/@46.3115807,15.3914014,17z\/data=!4m2!3m1!1s0x4765793cad89bc51:0x985c2d8458946b72?hl=sl\" target=\"_blank\">\u017di\u010dka kartuzija<\/a>\u00a0&#8211; prodajalna.<\/li>\n<\/ul>\n<\/div><\/section>\n<div class='av-social-sharing-box  '><div class='av-share-box'><h5 class='av-share-link-description'>Deli stran s prijatelji<\/h5><ul class='av-share-box-list noLightbox'><li class='av-share-link av-social-link-facebook' ><a target='_blank' href='http:\/\/www.facebook.com\/sharer.php?u=https:\/\/vrt.majnika.si\/it\/zeliscna-sol-majnika\/&amp;t=Zeli%C5%A1%C4%8Dna%20sol%20Majnika' aria-hidden='true' data-av_icon='\ue8f3' data-av_iconfont='entypo-fontello' title='' data-avia-related-tooltip='Condividi su Facebook'><span class='avia_hidden_link_text'>Condividi su Facebook<\/span><\/a><\/li><li class='av-share-link av-social-link-twitter' ><a target='_blank' href='https:\/\/twitter.com\/share?text=Zeli%C5%A1%C4%8Dna%20sol%20Majnika&url=https:\/\/vrt.majnika.si\/it\/?p=407' aria-hidden='true' data-av_icon='\ue8f1' data-av_iconfont='entypo-fontello' title='' data-avia-related-tooltip='Condividi su Twitter'><span class='avia_hidden_link_text'>Condividi su Twitter<\/span><\/a><\/li><li class='av-share-link av-social-link-gplus' ><a target='_blank' href='https:\/\/plus.google.com\/share?url=https:\/\/vrt.majnika.si\/it\/zeliscna-sol-majnika\/' aria-hidden='true' data-av_icon='\ue8f6' data-av_iconfont='entypo-fontello' title='' data-avia-related-tooltip='Condividi su Google+'><span class='avia_hidden_link_text'>Condividi su Google+<\/span><\/a><\/li><li class='av-share-link av-social-link-pinterest' ><a target='_blank' href='http:\/\/pinterest.com\/pin\/create\/button\/?url=https%3A%2F%2Fvrt.majnika.si%2Fit%2Fzeliscna-sol-majnika%2F&amp;description=Zeli%C5%A1%C4%8Dna%20sol%20Majnika&amp;media=' aria-hidden='true' data-av_icon='\ue8f8' data-av_iconfont='entypo-fontello' title='' data-avia-related-tooltip='Condividi su Pinterest'><span class='avia_hidden_link_text'>Condividi su Pinterest<\/span><\/a><\/li><li class='av-share-link av-social-link-linkedin' ><a target='_blank' href='http:\/\/linkedin.com\/shareArticle?mini=true&amp;title=Zeli%C5%A1%C4%8Dna%20sol%20Majnika&amp;url=https:\/\/vrt.majnika.si\/it\/zeliscna-sol-majnika\/' aria-hidden='true' data-av_icon='\ue8fc' data-av_iconfont='entypo-fontello' title='' data-avia-related-tooltip='Condividi su Linkedin'><span class='avia_hidden_link_text'>Condividi su Linkedin<\/span><\/a><\/li><li class='av-share-link av-social-link-mail' ><a  href='mailto:?subject=Zeli%C5%A1%C4%8Dna%20sol%20Majnika&amp;body=https:\/\/vrt.majnika.si\/it\/zeliscna-sol-majnika\/' aria-hidden='true' data-av_icon='\ue805' data-av_iconfont='entypo-fontello' title='' data-avia-related-tooltip='Condividi attraverso Mail'><span class='avia_hidden_link_text'>Condividi attraverso Mail<\/span><\/a><\/li><\/ul><\/div><\/div>\n","protected":false},"excerpt":{"rendered":"","protected":false},"author":1,"featured_media":0,"parent":0,"menu_order":0,"comment_status":"closed","ping_status":"closed","template":"","meta":[],"_links":{"self":[{"href":"https:\/\/vrt.majnika.si\/it\/wp-json\/wp\/v2\/pages\/407"}],"collection":[{"href":"https:\/\/vrt.majnika.si\/it\/wp-json\/wp\/v2\/pages"}],"about":[{"href":"https:\/\/vrt.majnika.si\/it\/wp-json\/wp\/v2\/types\/page"}],"author":[{"embeddable":true,"href":"https:\/\/vrt.majnika.si\/it\/wp-json\/wp\/v2\/users\/1"}],"replies":[{"embeddable":true,"href":"https:\/\/vrt.majnika.si\/it\/wp-json\/wp\/v2\/comments?post=407"}],"version-history":[{"count":16,"href":"https:\/\/vrt.majnika.si\/it\/wp-json\/wp\/v2\/pages\/407\/revisions"}],"predecessor-version":[{"id":879,"href":"https:\/\/vrt.majnika.si\/it\/wp-json\/wp\/v2\/pages\/407\/revisions\/879"}],"wp:attachment":[{"href":"https:\/\/vrt.majnika.si\/it\/wp-json\/wp\/v2\/media?parent=407"}],"curies":[{"name":"wp","href":"https:\/\/api.w.org\/{rel}","templated":true}]}}