{"id":614,"date":"2015-12-18T15:59:20","date_gmt":"2015-12-18T14:59:20","guid":{"rendered":"http:\/\/majnika.si\/?page_id=614"},"modified":"2015-12-18T15:59:20","modified_gmt":"2015-12-18T14:59:20","slug":"uporaba-piskotkov","status":"publish","type":"page","link":"https:\/\/vrt.majnika.si\/de\/uporaba-piskotkov\/","title":{"rendered":"Uporaba pi\u0161kotkov"},"content":{"rendered":"<p><strong>UPORABA PI\u0160KOTKOV<\/strong><\/p>\n<p style=\"text-align: justify;\">Spletna stran <strong>majnika.si<\/strong>\u00a0uporablja pi\u0161kotke.\u00a0S pi\u0161kotki vas osebno ne identificiramo. Uporabljamo jih samo za bolj\u0161e delovanje spleti\u0161\u010da.\u00a0Z uporabo tega spletnega mesta se strinjate, da spletno mesto <strong>majnika.si<\/strong>\u00a0nastavi pi\u0161kotke na va\u0161i napravi.<\/p>\n<p><strong>KAJ SO PI\u0160KOTKI?<\/strong><\/p>\n<p style=\"text-align: justify;\">Pi\u0161kotki so manj\u0161e besedilne datoteke, obi\u010dajno iz \u010drk in \u0161tevilk, katere obiskano spletno mesto shrani v napravo (ra\u010dunalnik, mobilnik, tablica itd.) z namenom prepoznavanja teh naprav. Shranjevanje pi\u0161kotkov je pod nadzorom brskalnika \u2013 glejte spodaj: nadzor nad pi\u0161kotki.<\/p>\n<p><strong>ZAKAJ NA\u0160A SPLETNA STRAN POTREBUJE PI\u0160KOTKE?<\/strong><\/p>\n<p style=\"text-align: justify;\">Glavni namen pi\u0161kotka je, da (<i>na\u0161emu<\/i>) spletnemu stre\u017eniku omogo\u010di, da uporabniku predstavi prilagojene spletne strani, ki omogo\u010dajo, da je do\u017eivetje ob obisku (<i>na\u0161e<\/i>) spletne strani bolj osebno in da se bolje odziva na posamezne uporabnikove potrebe. Interakcija med uporabnikom in spletnim mestom je s pomo\u010djo pi\u0161kotkov hitrej\u0161a in enostavnej\u0161a. Z njihovo pomo\u010djo si spletna stran zapomni posameznikove preference in izku\u0161nje, s tem je uporabniku ob ponovnem obisku prihranjen \u010das, brskanje po spletnih straneh pa je tako bolj u\u010dinkovito in prijetno.<\/p>\n<p><strong>ZAKAJ NA\u0160A SPLETNA STRAN UPORABLJA PI\u0160KOTKE?<\/strong><\/p>\n<p style=\"text-align: justify;\">Pi\u0161kotki so pomembno sredstvo za ohranjanje sve\u017ee in primerne vsebine, ki je v skladu z interesi in preferencami posameznega spletnega uporabnika. Razlogi za uporabo pi\u0161kotkov izhajajo iz njihovih lastnosti, ena izmed njih je shranjevanja podatkov o stanju posamezne spletne strani), pi\u0161kotki pomagajo pri izvajanju raznih spletnih storitev, pomagajo pri zbiranju raznih statistik, saj se le z njimi lahko spremlja pogostost obiskovanja dolo\u010dene spletne strani. S pomo\u010djo pi\u0161kotkov lahko upravljavec spletne strani oceni u\u010dinkovitost zasnove svoje spletne strani, kot tudi ustreznost vrste in \u0161tevila oglasov, ki jih ponujajo tretji uporabnikom na njegovi spletni strani.<\/p>\n","protected":false},"excerpt":{"rendered":"<p>UPORABA PI\u0160KOTKOV Spletna stran majnika.si\u00a0uporablja pi\u0161kotke.\u00a0S pi\u0161kotki vas osebno ne identificiramo. Uporabljamo jih samo za bolj\u0161e delovanje spleti\u0161\u010da.\u00a0Z uporabo tega spletnega mesta se strinjate, da spletno mesto majnika.si\u00a0nastavi pi\u0161kotke na va\u0161i napravi. KAJ SO PI\u0160KOTKI? Pi\u0161kotki so manj\u0161e besedilne datoteke, obi\u010dajno iz \u010drk in \u0161tevilk, katere obiskano spletno mesto shrani v napravo (ra\u010dunalnik, mobilnik, tablica [&hellip;]<\/p>\n","protected":false},"author":1,"featured_media":0,"parent":0,"menu_order":0,"comment_status":"closed","ping_status":"closed","template":"","meta":[],"_links":{"self":[{"href":"https:\/\/vrt.majnika.si\/de\/wp-json\/wp\/v2\/pages\/614"}],"collection":[{"href":"https:\/\/vrt.majnika.si\/de\/wp-json\/wp\/v2\/pages"}],"about":[{"href":"https:\/\/vrt.majnika.si\/de\/wp-json\/wp\/v2\/types\/page"}],"author":[{"embeddable":true,"href":"https:\/\/vrt.majnika.si\/de\/wp-json\/wp\/v2\/users\/1"}],"replies":[{"embeddable":true,"href":"https:\/\/vrt.majnika.si\/de\/wp-json\/wp\/v2\/comments?post=614"}],"version-history":[{"count":1,"href":"https:\/\/vrt.majnika.si\/de\/wp-json\/wp\/v2\/pages\/614\/revisions"}],"predecessor-version":[{"id":615,"href":"https:\/\/vrt.majnika.si\/de\/wp-json\/wp\/v2\/pages\/614\/revisions\/615"}],"wp:attachment":[{"href":"https:\/\/vrt.majnika.si\/de\/wp-json\/wp\/v2\/media?parent=614"}],"curies":[{"name":"wp","href":"https:\/\/api.w.org\/{rel}","templated":true}]}}