{"id":362,"date":"2014-07-09T15:49:00","date_gmt":"2014-07-09T15:49:00","guid":{"rendered":"http:\/\/192.168.1.104\/restaurant\/?page_id=9"},"modified":"2022-02-03T09:32:04","modified_gmt":"2022-02-03T08:32:04","slug":"majnika","status":"publish","type":"page","link":"https:\/\/vrt.majnika.si\/de\/","title":{"rendered":"(Sloven\u0161\u010dina) Dobrodo\u0161li"},"content":{"rendered":"<p class=\"qtranxs-available-languages-message qtranxs-available-languages-message-de\">Leider ist der Eintrag nur auf <a href=\"https:\/\/vrt.majnika.si\/sl\/wp-json\/wp\/v2\/pages\/362\" class=\"qtranxs-available-language-link qtranxs-available-language-link-sl\" title=\"Sloven\u0161\u010dina\">Slowenisch<\/a> und <a href=\"https:\/\/vrt.majnika.si\/it\/wp-json\/wp\/v2\/pages\/362\" class=\"qtranxs-available-language-link qtranxs-available-language-link-it\" title=\"Italiano\">Italienisch<\/a> verf\u00fcgbar.<\/p>","protected":false},"excerpt":{"rendered":"<p>Leider ist der Eintrag nur auf Slowenisch und Italienisch verf\u00fcgbar.<\/p>\n","protected":false},"author":1,"featured_media":0,"parent":0,"menu_order":0,"comment_status":"open","ping_status":"open","template":"","meta":[],"_links":{"self":[{"href":"https:\/\/vrt.majnika.si\/de\/wp-json\/wp\/v2\/pages\/362"}],"collection":[{"href":"https:\/\/vrt.majnika.si\/de\/wp-json\/wp\/v2\/pages"}],"about":[{"href":"https:\/\/vrt.majnika.si\/de\/wp-json\/wp\/v2\/types\/page"}],"author":[{"embeddable":true,"href":"https:\/\/vrt.majnika.si\/de\/wp-json\/wp\/v2\/users\/1"}],"replies":[{"embeddable":true,"href":"https:\/\/vrt.majnika.si\/de\/wp-json\/wp\/v2\/comments?post=362"}],"version-history":[{"count":185,"href":"https:\/\/vrt.majnika.si\/de\/wp-json\/wp\/v2\/pages\/362\/revisions"}],"predecessor-version":[{"id":1215,"href":"https:\/\/vrt.majnika.si\/de\/wp-json\/wp\/v2\/pages\/362\/revisions\/1215"}],"wp:attachment":[{"href":"https:\/\/vrt.majnika.si\/de\/wp-json\/wp\/v2\/media?parent=362"}],"curies":[{"name":"wp","href":"https:\/\/api.w.org\/{rel}","templated":true}]}}