{"id":1146,"date":"2020-01-28T10:50:16","date_gmt":"2020-01-28T09:50:16","guid":{"rendered":"http:\/\/majnika.si\/?page_id=1146"},"modified":"2020-01-28T10:50:16","modified_gmt":"2020-01-28T09:50:16","slug":"programa-razvoja-podezelja","status":"publish","type":"page","link":"https:\/\/vrt.majnika.si\/de\/programa-razvoja-podezelja\/","title":{"rendered":"(Sloven\u0161\u010dina) Programa razvoja pode\u017eelja"},"content":{"rendered":"<p class=\"qtranxs-available-languages-message qtranxs-available-languages-message-de\">Leider ist der Eintrag nur auf <a href=\"https:\/\/vrt.majnika.si\/sl\/wp-json\/wp\/v2\/pages\/1146\" class=\"qtranxs-available-language-link qtranxs-available-language-link-sl\" title=\"Sloven\u0161\u010dina\">Slowenisch<\/a> verf\u00fcgbar.<\/p>","protected":false},"excerpt":{"rendered":"<p>Leider ist der Eintrag nur auf Slowenisch verf\u00fcgbar.<\/p>\n","protected":false},"author":1,"featured_media":0,"parent":0,"menu_order":0,"comment_status":"closed","ping_status":"closed","template":"","meta":[],"_links":{"self":[{"href":"https:\/\/vrt.majnika.si\/de\/wp-json\/wp\/v2\/pages\/1146"}],"collection":[{"href":"https:\/\/vrt.majnika.si\/de\/wp-json\/wp\/v2\/pages"}],"about":[{"href":"https:\/\/vrt.majnika.si\/de\/wp-json\/wp\/v2\/types\/page"}],"author":[{"embeddable":true,"href":"https:\/\/vrt.majnika.si\/de\/wp-json\/wp\/v2\/users\/1"}],"replies":[{"embeddable":true,"href":"https:\/\/vrt.majnika.si\/de\/wp-json\/wp\/v2\/comments?post=1146"}],"version-history":[{"count":1,"href":"https:\/\/vrt.majnika.si\/de\/wp-json\/wp\/v2\/pages\/1146\/revisions"}],"predecessor-version":[{"id":1147,"href":"https:\/\/vrt.majnika.si\/de\/wp-json\/wp\/v2\/pages\/1146\/revisions\/1147"}],"wp:attachment":[{"href":"https:\/\/vrt.majnika.si\/de\/wp-json\/wp\/v2\/media?parent=1146"}],"curies":[{"name":"wp","href":"https:\/\/api.w.org\/{rel}","templated":true}]}}