{"id":426,"date":"2015-11-06T21:02:46","date_gmt":"2015-11-06T20:02:46","guid":{"rendered":"http:\/\/majnika.si\/?page_id=426"},"modified":"2020-06-08T19:49:47","modified_gmt":"2020-06-08T18:49:47","slug":"ogled-zelicnega-vrta","status":"publish","type":"page","link":"http:\/\/vrt.majnika.si\/it\/ogled-zelicnega-vrta\/","title":{"rendered":"Ogled zeli\u0161\u010dnega vrta Majnika"},"content":{"rendered":"<p><div class='av-hotspot-image-container avia_animate_when_almost_visible   av-hotspot-numbered av-mobile-fallback-active    av-non-fullwidth-hotspot-image '  itemprop=\"ImageObject\" itemscope=\"itemscope\" itemtype=\"https:\/\/schema.org\/ImageObject\"  ><div class='av-hotspot-container'><div class='av-hotspot-container-inner-cell'><div class='av-hotspot-container-inner-wrap'><img class='avia_image ' src='http:\/\/vrt.majnika.si\/wp-content\/uploads\/2015\/11\/zeli\u0161\u010dni-vrt-1500x250.jpg' alt='' title='zeli\u0161\u010dni vrt'  height=\"250\"width=\"1500\"  itemprop=\"thumbnailUrl\"  \/><\/div><\/div><\/div><\/div><\/p>\n<section class=\"av_textblock_section \"  itemscope=\"itemscope\" itemtype=\"https:\/\/schema.org\/CreativeWork\" ><div class='avia_textblock  '   itemprop=\"text\" ><p style=\"text-align: justify;\"><strong>Veselimo se vsakega obiskovalca<\/strong> (razen navalov rde\u010dih pol\u017eev, voluharjev in lisic). Lahko boste spoznali, da \u0161e obstajajo pristne prisr\u010dne sredine in da imajo kljub ogromnemu obsegu dela pri nas ljudje vedno prednost.<\/p>\n<p style=\"text-align: justify;\">Z veseljem vas popeljemo po vrtu, Majda vam bo za vsako od ve\u010d kot 160 zeli\u0161\u010d razlo\u017eila, kako in za kaj se uporablja.<\/p>\n<p style=\"text-align: justify;\">Zelo za\u017eelena je predhodna najava!<\/p>\n<table style=\"height: 120px;\" width=\"518\">\n<tbody>\n<tr>\n<td style=\"text-align: center;\" width=\"206\"><strong>Meseci ogledov<\/strong><\/td>\n<td style=\"text-align: center;\" width=\"408\"><strong>Dnevi ogledov<\/strong><\/td>\n<\/tr>\n<tr>\n<td style=\"text-align: center;\" width=\"206\">Od aprila do oktobra<\/td>\n<td width=\"408\">\n<p style=\"text-align: center;\">Od petka do nedelje, od 9ih do 18ih<\/p>\n<p style=\"text-align: center;\">*Mo\u017een je voden ogled tudi med tednom.<\/p>\n<\/td>\n<\/tr>\n<\/tbody>\n<\/table>\n<p style=\"text-align: justify;\"><strong>Cenik:<\/strong><\/p>\n<p style=\"text-align: justify;\"><strong>1-ura vodenega ogleda s skodelico doma\u010dega \u010daja<\/strong><\/p>\n<ul style=\"text-align: justify;\">\n<li>do 5 oseb: 5 \u20ac\/osebo<\/li>\n<li>od 5 do 10 oseb: 3,5 \u20ac\/osebo<\/li>\n<li>11 ali ve\u010d oseb: 2,5 \u20ac\/osebo<\/li>\n<\/ul>\n<p style=\"text-align: justify;\"><strong>2-3 urni naravoslovni dan za \u0161olarje, 1,5-urni \u010darovni\u0161ki lov na zeli\u0161\u010da za najmlaj\u0161e<\/strong><\/p>\n<ul style=\"text-align: justify;\">\n<li>3 \u20ac\/otroka (vsak otrok dobi tudi skodelico doma\u010dega \u010daja in pirin kruh z zeli\u0161\u010dnim namazom)<\/li>\n<\/ul>\n<p style=\"text-align: justify;\"><u>Kontakt<br \/>\n<\/u><b>Zeli\u0161\u010dni vrt Majnika<br \/>\n<\/b><span style=\"line-height: 1.5;\">\u017di\u010de 66a, SI-3215 Lo\u010de<\/span><\/p>\n<p style=\"text-align: justify;\"><b>M:<\/b> +386 31 317 109<br \/>\n<b>E:<\/b> <a href=\"mailto:zeliscni.vrt.majnika@gmail.com\">zeliscni.vrt.majnika@gmail.com<br \/>\n<\/a><b>FB:<\/b> <a href=\"https:\/\/www.facebook.com\/ZeliscniVrtMajnika\/\">Zeli\u0161\u010dni Vrt Majnika<\/a><\/p>\n<h2 style=\"text-align: justify;\"><strong>Programi ogledov:<\/strong><\/h2>\n<p style=\"text-align: justify;\"><strong>Ogledi za posameznike<\/strong><\/p>\n<p style=\"text-align: justify;\">Greste po utrujajo\u010dem delovnem tednu radi kam na izlet, da <strong>se nadihate in si naberete novih mo\u010di<\/strong>? Ste radi <strong>v prijetni dru\u017ebi v mirnem naravnem okolju<\/strong>? Vam zgolj potep ni dovolj in bi \u017eeleli spoznati na\u010dine, kako s pomo\u010djo zeli\u0161\u010d ohranjati zdravje in vitalnost? Oglasite se pri nas, zelo vas bomo veseli. Z Majdo se boste sprehodili skozi vrt in se pou\u010dili o rastlinah, ki rastejo pri nas. Z veseljem vam bo povedala vse, kar vas zanima, postregli vam bomo tudi z zelo okusnim in aromati\u010dnim doma\u010dim \u010dajem Majnika.<\/p>\n<p style=\"text-align: justify;\"><strong>Ogledi za skupine<\/strong><\/p>\n<p style=\"text-align: justify;\">\u010ce ste \u010dlan kak\u0161ne <strong>organizacije ali dru\u0161tva in na\u010drtujete izlet, je obisk Janezove doline prava destinacija za vas.<\/strong> Pri nas vam ponujamo voden ogled zeli\u0161\u010dnega vrta Majnika in skodelico doma\u010dega \u010daja. Majda vas bo peljala po vrtu in vam pokazala, dala povonjati, poskusiti \u2026 rastline, ki rastejo pri nas, vas seznanila z njihovimi zna\u010dilnostmi in uporabo. Prav tako bo z veseljem odgovarjala na va\u0161a vpra\u0161anja. Neposredno v na\u0161i bli\u017eini lahko obi\u0161\u010dete tudi Kal\u0161kove, ki se ukvarjajo s pletarstvom in doma\u010do \u017eganjekuho. Nekaj kilometrov stran pa je znamenita \u017di\u010dka kartuzija, prva kartuzija na tleh zunaj Francije in Italije, kjer je se lahko tudi okrep\u010date z izvrstno ponudbo hrane z menijev gostilne Gastu\u017e \u2013 prve gostilne na slovenskih tleh.<\/p>\n<p style=\"text-align: justify;\">Mogo\u010de pa ste<strong> skupina prijateljev<\/strong>, ki nikakor ne najdete ve\u010d \u010dasa za skupno dru\u017eenje? Vzemite si eno soboto in se skupaj pripeljite k nam \u2013 lahko se boste dru\u017eili, nadihali sve\u017eega zraka, skupaj spoznavali, kaj vse \u017ee imate na svojih vrtovih in katera pomembna zeli\u0161\u010da vam \u0161e manjkajo \u2026 Pri na\u0161ih sosedih Kal\u0161kih si lahko ogledate \u0161e pletarstvo in doma\u010do \u017eganjekuho. Lahko se sprehodite po bli\u017enjih hribih, se okrep\u010date na katerem od \u0161tevilnih tukaj\u0161njih kme\u010dkih turizmov ali pa si privo\u0161\u010dite imenitno kosilo v gostilni Gastu\u017e \u2013 prvi gostilni na slovenskih tleh (pri \u017di\u010dki kartuziji).<\/p>\n<p style=\"text-align: justify;\"><strong>Naravoslovni dnevi za osnovno\u0161olce<\/strong><\/p>\n<p style=\"text-align: justify;\">\u017de ve\u010d let na zeli\u0161\u010dnem vrtu Majnika <strong>z veseljem sprejemamo tudi osnovno\u0161olce, ki pridejo k nam na naravoslovni dan.<\/strong> Razdelimo se v tri (ali \u0161tiri) skupine, ki potem kro\u017eijo od ene u\u010dne postaje do druge. Ena skupina gre z Majdo na vrt in spoznava, kaj so to zeli\u0161\u010da, di\u0161avnice in za\u010dimbe; kak\u0161na razlika je med enoletnicami, dvoletnicami in trajnicam; kje zeli\u0161\u010da rastejo, kako jih uporabljamo, kako si lahko z njimi pomagamo \u2026 Druga skupina gre na orientacijski pohod po bli\u017enjem hribu \u017di\u010dka gorca, kjer na poti spoznava prostorasto\u010da zeli\u0161\u010da. Tretja skupina pa s Katjo odkriva vesolje: planete, zvezde in ozvezdja. Na\u0161 zeli\u0161\u010dni vrt namre\u010d obdelujemo na biodinami\u010den na\u010din, kar pomeni, da moramo poznati tudi osnove astronomije. O tem se u\u010dijo tudi u\u010denci v 6. razredu, tako da lahko to znanje zelo zabavno pove\u017eemo. U\u010denci si nadenejo t. i. \u00bbdrese\u00ab in odigrajo vlogo planeta ali ozvezdja ter tako na prijeten na\u010din osvojijo predstavo o razporeditvi planetov v na\u0161em oson\u010dju, njihovem ritmi\u010dnem gibanju, pa o tem, zakaj imamo na Zemlji dan in no\u010d, pa letne \u010dase \u2026 Spoznajo, kako lahko z rokami poka\u017eejo letni vdih in izdih Zemlje in \u0161e mnogo mnogo ve\u010d \u2026<\/p>\n<p style=\"text-align: justify;\"><strong>\u010carovni\u0161ki lov na zeli\u0161\u010da za najmlaj\u0161e<\/strong><\/p>\n<p style=\"text-align: justify;\">Ha, okoli na\u0161ega vrta se ne sprehajajo samo ra\u010dke, ki z detektivskimi kljuni odkrivajo male rde\u010de pol\u017ee, in muce Micko, Mi\u0161ka, \u010cmr\u010di, Rambo in Piki ter prijazni sosedov ku\u017ea Bolt, temve\u010d tudi \u010darovnice! Ampak to tak\u0161ne, dobre \u010darovnice, ki nam pomagajo, ko nas kaj boli ali pa zbolimo za kak\u0161no boleznijo. S pomo\u010djo zgodbic, ki jih ustvarjajo \u010darovnica Len\u010dka ter njena dva mi\u0161ja prijatelja Lolek in Lolika, otroke vpeljemo v svet zeli\u0161\u010d, ki jih potem sami na vrtu tudi poi\u0161\u010dejo ter jih naberejo za skodelico \u010daja, ki si jo bodo skuhali doma.<\/p>\n<p style=\"text-align: justify;\"><strong>Zeli\u0161\u010dno-kuharski dan<\/strong><\/p>\n<p style=\"text-align: justify;\">Zeli\u0161\u010da so zelo uporabna v kuhinji, a \u017eal nas ve\u010dina tega ne ve in uporabljamo le najbolj obi\u010dajne za\u010dimbe \u2013 poper, sol, papriko \u2026 Pridru\u017eite se nam na zeli\u0161\u010dno-kuharskih delavnicah in odkrili boste povsem nov svet kulinari\u010dnih u\u017eitkov.<\/p>\n<p style=\"text-align: justify;\"><strong>\u00a0<\/strong>Raziskovalka Lili Kolisko je \u017ee leta 1939 v svoji obse\u017eni knjigi <em>Kmetijstvo prihodnosti<\/em> zapisala: \u00bb<em>Brez ustrezne hrane, ki \u010dlove\u0161kemu organizmu posreduje \u017eivljenjske sile, ljudje ne morejo biti mo\u010dni in zdravi, niti sposobni, da razvijejo jasne misli in moralno mo\u010d, ki jih tako zelo potrebujemo<\/em>.\u00ab V tem duhu je potekala tudi zadnja celodnevna kuharska delavnica v \u017di\u010dah, ki smo jo konec septembra pripravili na zeli\u0161\u010dnem vrtu Majnika. Jedilniki so bili sestavljeni tako, da so pripravljene jedi nahranile tako telo, du\u0161o kot duha. Zelo pisana dru\u0161\u010dina udele\u017eencev \u2013 od otrok, \u0161tudentk, mladih mamic do upokojenk \u2026 ter po drugi strani tudi poklicno pestra, med njimi so bile namre\u010d tudi u\u010diteljice, kemijski tehnologi, psihologinje in zdravnice \u2013 se je zbrala \u017ee zjutraj ter si pripravila zdrav zajtrk. Iz nakaljene doma\u010de p\u0161enice in ovsa so otroci stisnili kosmi\u010de, ostali smo pripravili kal\u010dke, suho sadje, ov\u010dji jogurt in razli\u010dne vrste mleka (ri\u017eevo, sojino, mandljevo \u2026), vsem je zelo teknila doma\u010da je\u010dmenova kava.<\/p>\n<p style=\"text-align: justify;\">Po zajtrku je Majda udele\u017eence peljala na zeli\u0161\u010dni vrt Majnika, kjer jim je razlo\u017eila pomen in uporabo zeli\u0161\u010d v kuhinji. Nato smo se razdelili v skupine in vsaka skupina je na vrtu poiskala sestavine, ki so bile potrebne za pripravo posameznih jedi za kosilo. Po slastnem zeli\u0161\u010dnem kosilu, ki je med drugim vklju\u010devalo juho iz ro\u017eic in koprovo juho, koprivino lazanjo, zeleno-rde\u010do je\u0161prenovo ri\u017eoto, solato iz borage in ognji\u010da ter proseni narastek, so nas presenetili najmlaj\u0161i, ki so na skrivaj pripravili zdravo sladico, poimenovano MAMI (Matev\u017e, An\u017ee, Matija, Iva). Po po\u010ditku smo v ponovno delovno vzdu\u0161je vstopili s pomo\u010djo prijetnih vaj socialne evrtimije. Popoldne so glavno vlogo igrali kal\u010dki (zdrava \u017eiva hrana za hladne dni) in zeli\u0161\u010dni namazi. Udele\u017eenke so bile prepri\u010dane, da tudi njihovi mo\u017eje, ki so strastni mesojedci, ne bi ugotovili, da v zdravi vegi zaseki ni prav ni\u010d mesa. Postregli smo si \u0161e z bazilikinim sorbetom ter se z ob\u010dutki zadovoljstva, da smo pre\u017eiveli nadvse prijeten in pou\u010den dan, poslovili.<\/p>\n<\/div><\/section><\/p>","protected":false},"excerpt":{"rendered":"","protected":false},"author":1,"featured_media":0,"parent":0,"menu_order":0,"comment_status":"closed","ping_status":"closed","template":"","meta":[],"_links":{"self":[{"href":"http:\/\/vrt.majnika.si\/it\/wp-json\/wp\/v2\/pages\/426"}],"collection":[{"href":"http:\/\/vrt.majnika.si\/it\/wp-json\/wp\/v2\/pages"}],"about":[{"href":"http:\/\/vrt.majnika.si\/it\/wp-json\/wp\/v2\/types\/page"}],"author":[{"embeddable":true,"href":"http:\/\/vrt.majnika.si\/it\/wp-json\/wp\/v2\/users\/1"}],"replies":[{"embeddable":true,"href":"http:\/\/vrt.majnika.si\/it\/wp-json\/wp\/v2\/comments?post=426"}],"version-history":[{"count":14,"href":"http:\/\/vrt.majnika.si\/it\/wp-json\/wp\/v2\/pages\/426\/revisions"}],"predecessor-version":[{"id":1163,"href":"http:\/\/vrt.majnika.si\/it\/wp-json\/wp\/v2\/pages\/426\/revisions\/1163"}],"wp:attachment":[{"href":"http:\/\/vrt.majnika.si\/it\/wp-json\/wp\/v2\/media?parent=426"}],"curies":[{"name":"wp","href":"https:\/\/api.w.org\/{rel}","templated":true}]}}