{"id":409,"date":"2015-11-06T20:38:06","date_gmt":"2015-11-06T19:38:06","guid":{"rendered":"http:\/\/majnika.si\/?page_id=409"},"modified":"2019-02-19T08:44:47","modified_gmt":"2019-02-19T07:44:47","slug":"eko-kalcki","status":"publish","type":"page","link":"http:\/\/vrt.majnika.si\/it\/eko-kalcki\/","title":{"rendered":"Eko kal\u010dki"},"content":{"rendered":"<p><div class='av-hotspot-image-container avia_animate_when_almost_visible   av-hotspot-numbered av-mobile-fallback-active    av-non-fullwidth-hotspot-image '  itemprop=\"ImageObject\" itemscope=\"itemscope\" itemtype=\"https:\/\/schema.org\/ImageObject\"  ><div class='av-hotspot-container'><div class='av-hotspot-container-inner-cell'><div class='av-hotspot-container-inner-wrap'><img class='avia_image ' src='http:\/\/vrt.majnika.si\/wp-content\/uploads\/2015\/11\/Kal\u010dki-pasica-1500x250.jpg' alt='' title='Kal\u010dki-pasica'  height=\"250\"width=\"1500\"  itemprop=\"thumbnailUrl\"  \/><\/div><\/div><\/div><\/div><\/p>\n<div class=\"flex_column av_one_full  flex_column_div av-zero-column-padding first  \" style='border-radius:0px; '><section class=\"av_textblock_section \"  itemscope=\"itemscope\" itemtype=\"https:\/\/schema.org\/CreativeWork\" ><div class='avia_textblock  '   itemprop=\"text\" ><h3 style=\"text-align: justify;\"><span style=\"color: #99cc00;\">Eko kal\u010dki &#8211; pridelani ro\u010dno na indirektni svetlobi<\/span><\/h3>\n<p style=\"text-align: justify;\"><strong><span style=\"color: #99cc00;\">Kaj so eko kal\u010dki?<\/span><br \/>\n<\/strong>Eko kal\u010dki so <strong>zelo bogato hranilo in so izvrsten, naraven vir vitaminov<\/strong>. V njih je tudi po 10-krat ve\u010d vitaminov kot v odrasli rastlini. Med drugim vsebujejo veliko rastlinskih beljakovin, ki so bolj\u0161e od \u017eivalskih.<\/p>\n<p style=\"text-align: justify;\"><strong><span style=\"color: #99cc00;\">Zakaj so koristni?<\/span><br \/>\n<\/strong>Beljakovine v kal\u010dkih so \u017ee razgrajene na osnovne oblike \u2012 aminokisline in ker hkrati vsebujejo vitamine, to olaj\u0161a njihovo absorpcijo. Kal\u010dki niso samo la\u017eje prebavljivi, temve\u010d tudi pomagajo pri <strong>obnovi celic na\u0161ega telesa<\/strong>, <strong>\u010distijo kri<\/strong>,\u00a0<strong>pospe\u0161ujejo prebavo in absorpcijo hrane, pomagajo pri delovanju jeter<\/strong>. U\u017eivanje kal\u010dkov \u0161e zlasti priporo\u010damo od jeseni do spomladi, ko ni na voljo veliko zdrave sve\u017ee zelenjave. Iz osebnih izku\u0161enj lahko potrdimo, da je u\u017eivanje kal\u010dkov izvrstna pomo\u010d pri preventivi proti razno raznim nadle\u017enim prehladom, virozam, gripam in ostalim boleznim, ki se pojavljajo predvsem v hladnej\u0161ih mesecih.<\/p>\n<p style=\"text-align: justify;\"><strong><span style=\"color: #99cc00;\">Kako jih u\u017eivamo?<\/span><br \/>\n<\/strong>U\u017eivamo jih surove, najpogosteje\u00a0jih uporabljamo za dodatek solatam, sendvi\u010dem, oblo\u017eenim kruhkom ali namazom. Predvsem v hladnej\u0161ih obdobjih leta, ko ni na voljo dovolj kvalitetne sve\u017ee zelenjave, so kal\u010dki izvrsten vir vitaminov in mineralov tako za mesojedce kot vegetarijance, za mlaj\u0161e in starej\u0161e ljudi.<\/p>\n<p style=\"text-align: justify;\"><strong><span style=\"color: #99cc00;\">Katere kal\u010dke pridelujemo?<\/span><br \/>\n<\/strong>Pridelujemo ve\u010d vrst zelenih kal\u010dkov: <strong>alfalfa oz. lucerna, son\u010dnice, redkev, rde\u010da redkev in brokoli.<\/strong><\/p>\n<p style=\"text-align: justify;\"><strong><span style=\"color: #99cc00;\">V \u010dem so na\u0161i kal\u010dki posebni?<br \/>\n<\/span><\/strong>Na\u0161i kal\u010dki imajo razvit <strong>klorofil<\/strong>. S klorofilom se v kal\u010dku pove\u010da vsebnost hranilnih snovi, izgradijo se beljakovine in pove\u010da se njegov potencial son\u010dne energije. <strong>Klorofil v sve\u017ei zelenjavi je izjemno dragocen za ohranjanje na\u0161e vitalnosti.<\/strong> \u010cudo narave &#8211; sestava klorofila je neverjetno podobna sestavi hemoglobina v krvi, v bistvu se razlikujeta le v enem atomu: v klorofilu je v osr\u010dju strukture magnezij, v hemoglobinu pa \u017eelezo.<\/p>\n<p style=\"text-align: justify;\"><strong><span style=\"color: #99cc00;\">Kaj o klorofilu pravi literatura?<\/span><br \/>\n<\/strong>Klorofil \u010disti kri in pomaga odvajati odve\u010dne snovi iz telesa; zavira vnetja in ustvarja okolje, ki zavira razmno\u017eevanje bakterij; dezinficira in celi rane; deluje proti arteriosklerozi in kopi\u010denju holesterola; bla\u017ei bole\u010dine in kr\u010de; \u010disti sapo in odstranjuje neprijeten telesni zadah &#8230; Klorofil tudi deluje z nevtralizacijskim u\u010dinkom proti onesna\u017eeni vodi, sevanji in strupi iz okolja.<\/p>\n<p style=\"text-align: justify;\"><strong><span style=\"color: #99cc00;\">Kako \u017ee ve\u010d kot 10 let pridelujemo zdrave kal\u010dke?<\/span><br \/>\n<\/strong>Od vsega za\u010detka pridelujemo\u00a0povsem <strong>ekolo\u0161ke<\/strong> kal\u010dke\u00a0\u2012 imamo eko certifikat \u2012 obrat za njihovo proizvodnjo pa nam je odobrila Uprava RS Slovenije za varno hrano, veterinarstvo in varstvo rastlin.<\/p>\n<p style=\"text-align: justify;\">Prav tako vseskozi kal\u010dke pridelujemo <strong>ro\u010dno<\/strong>. Kalilne pladnje ob pravem \u010dasu postavimo\u00a0na police z indirektno svetlobo, zato da kal\u010dki postanejo zeleni (razvijejo klorofil) in zdravi za u\u017eivanje. Pri njihovi pridelavi ne uporabljamo <strong>nobenih dodatkov ali kakr\u0161nih koli spodbujevalcev rasti<\/strong>. Pridelani so izklju\u010dno s pomo\u010djo \u010diste vode. Ve\u010der pred pakiranjem kal\u010dke <strong>temeljito operemo<\/strong>, po\u010dakamo, da se odcedijo in jih shranimo v hladilnik, da se dobro ohladijo.<\/p>\n<p style=\"text-align: justify;\"><span style=\"color: #99cc00;\"><strong>Kako kal\u010dke pakiramo?<br \/>\n<\/strong><\/span>Za individualne naro\u010dnike kal\u010dke pakiramo v 50-gramske posodice, za ve\u010dje odjemalce (vrtce, \u0161ole, restavracije ipd.) pa v posode po 200 g. Naro\u010dite lahko posamezno vrsto kal\u010dkov ali pa vam pripravimo okusno in osve\u017eilno me\u0161anico vseh vrst, ki jih pridelujemo.<\/p>\n<\/div><\/section><br \/>\n<div id='av-masonry-2' class='av-masonry  noHover av-flex-size av-large-gap av-hover-overlay- av-masonry-col-flexible av-caption-always av-caption-style- av-masonry-gallery     '  ><div class='av-masonry-container isotope av-js-disabled ' ><div class='av-masonry-entry isotope-item av-masonry-item-no-image '><\/div><a href=\"http:\/\/vrt.majnika.si\/wp-content\/uploads\/2015\/11\/Kal\u010dki-pakiranje.jpg\" id='av-masonry-2-item-800' data-av-masonry-item='800' class='av-masonry-entry isotope-item post-800 attachment type-attachment status-inherit hentry  av-masonry-item-with-image' title=\"\"  itemprop=\"thumbnailUrl\" ><div class='av-inner-masonry-sizer'><\/div><figure class='av-inner-masonry main_color'><div class=\"av-masonry-outerimage-container\"><div class=\"av-masonry-image-container\" ><img src=\"http:\/\/vrt.majnika.si\/wp-content\/uploads\/2015\/11\/Kal\u010dki-pakiranje-705x470.jpg\" title=\"Eko kal\u010dki &#8211; pakiranje\" alt=\"\" \/><\/div><\/div><figcaption class='av-inner-masonry-content site-background'><div class='av-inner-masonry-content-pos'><div class='av-inner-masonry-content-pos-content'><div class='avia-arrow'><\/div><h3 class='av-masonry-entry-title entry-title'  itemprop=\"headline\" >Eko kal\u010dki &#8211; pakiranje<\/h3><\/div><\/div><\/figcaption><\/figure><\/a><!--end av-masonry entry--><a href=\"http:\/\/vrt.majnika.si\/wp-content\/uploads\/2015\/11\/Kal\u010dki-pakiranje2.jpg\" id='av-masonry-2-item-799' data-av-masonry-item='799' class='av-masonry-entry isotope-item post-799 attachment type-attachment status-inherit hentry  av-masonry-item-with-image' title=\"\"  itemprop=\"thumbnailUrl\" ><div class='av-inner-masonry-sizer'><\/div><figure class='av-inner-masonry main_color'><div class=\"av-masonry-outerimage-container\"><div class=\"av-masonry-image-container\" ><img src=\"http:\/\/vrt.majnika.si\/wp-content\/uploads\/2015\/11\/Kal\u010dki-pakiranje2-705x470.jpg\" title=\"Eko kal\u010dki &#8211; pakiranje\" alt=\"\" \/><\/div><\/div><figcaption class='av-inner-masonry-content site-background'><div class='av-inner-masonry-content-pos'><div class='av-inner-masonry-content-pos-content'><div class='avia-arrow'><\/div><h3 class='av-masonry-entry-title entry-title'  itemprop=\"headline\" >Eko kal\u010dki &#8211; pakiranje<\/h3><\/div><\/div><\/figcaption><\/figure><\/a><!--end av-masonry entry--><a href=\"http:\/\/vrt.majnika.si\/wp-content\/uploads\/2015\/11\/Kal\u010dki-brokoli.png\" id='av-masonry-2-item-634' data-av-masonry-item='634' class='av-masonry-entry isotope-item post-634 attachment type-attachment status-inherit hentry  av-masonry-item-with-image' title=\"Ti kal\u010dki so odli\u010den diuretik in antioksidant. Krepijo naravno odpornost na\u0161ega telesa (imunski sistem) in prepre\u010dujejo rast tumorjev. Vsebujejo vitamine: A, B1, B2, C, E. Vsebujejo veliko kalija, fosforja, \u017eeleza, \u017evepla in vlaknin.\"  itemprop=\"thumbnailUrl\" ><div class='av-inner-masonry-sizer'><\/div><figure class='av-inner-masonry main_color'><div class=\"av-masonry-outerimage-container\"><div class=\"av-masonry-image-container\" ><img src=\"http:\/\/vrt.majnika.si\/wp-content\/uploads\/2015\/11\/Kal\u010dki-brokoli-705x470.png\" title=\"BROKOLI (Brassica oleracea var. italica )\" alt=\"\" \/><\/div><\/div><figcaption class='av-inner-masonry-content site-background'><div class='av-inner-masonry-content-pos'><div class='av-inner-masonry-content-pos-content'><div class='avia-arrow'><\/div><h3 class='av-masonry-entry-title entry-title'  itemprop=\"headline\" >BROKOLI (Brassica oleracea var. italica )<\/h3><div class='av-masonry-entry-content entry-content'  itemprop=\"text\" >Ti kal\u010dki so odli\u010den diuretik in antioksidant. Krepijo naravno odpornost na\u0161ega telesa (imunski sistem) in prepre\u010dujejo rast tumorjev. Vsebujejo vitamine: A, B1, B2, C, E. Vsebujejo veliko kalija, fosforja, \u017eeleza, \u017evepla in vlaknin.<\/div><\/div><\/div><\/figcaption><\/figure><\/a><!--end av-masonry entry--><a href=\"http:\/\/vrt.majnika.si\/wp-content\/uploads\/2015\/11\/Kal\u010dki-redkev.png\" id='av-masonry-2-item-635' data-av-masonry-item='635' class='av-masonry-entry isotope-item post-635 attachment type-attachment status-inherit hentry  av-masonry-item-with-image' title=\"Kal\u010dki redkve krepijo imunski sistem, pove\u010dujejo nastanek sline in \u017eelod\u010dne kisline ter spodbujajo apetit.&lt;br&gt; Vsebujejo vitamine: A, B1, B2, C in minerale: kalij, kalcij, magnezij, fosfor, \u017eveplo.\"  itemprop=\"thumbnailUrl\" ><div class='av-inner-masonry-sizer'><\/div><figure class='av-inner-masonry main_color'><div class=\"av-masonry-outerimage-container\"><div class=\"av-masonry-image-container\" ><img src=\"http:\/\/vrt.majnika.si\/wp-content\/uploads\/2015\/11\/Kal\u010dki-redkev-705x470.png\" title=\"REDKEV (Raphanus Sativus)\" alt=\"\" \/><\/div><\/div><figcaption class='av-inner-masonry-content site-background'><div class='av-inner-masonry-content-pos'><div class='av-inner-masonry-content-pos-content'><div class='avia-arrow'><\/div><h3 class='av-masonry-entry-title entry-title'  itemprop=\"headline\" >REDKEV (Raphanus Sativus)<\/h3><div class='av-masonry-entry-content entry-content'  itemprop=\"text\" >Kal\u010dki redkve krepijo imunski sistem, pove\u010dujejo nastanek sline in \u017eelod\u010dne kisline ter spodbujajo apetit.<br> Vsebujejo vitamine: A, B1, B2, C in minerale: kalij, kalcij, magnezij, fosfor, \u017eveplo.<\/div><\/div><\/div><\/figcaption><\/figure><\/a><!--end av-masonry entry--><a href=\"http:\/\/vrt.majnika.si\/wp-content\/uploads\/2015\/11\/Kal\u010dki-alfalfa.png\" id='av-masonry-2-item-636' data-av-masonry-item='636' class='av-masonry-entry isotope-item post-636 attachment type-attachment status-inherit hentry  av-masonry-item-with-image' title=\"Alfalfa so najbolj hranljivi kal\u010dki, saj vsebujejo celo vrsto vitaminov in mineralov. Vitamini: A, B1, B2, B6, B12, C, D, E, K, U. Minerali: kalcij, magnezij, kalij, \u017eelezo, cink, selen, natrij. Vsebujejo 35 % beljakovin, imajo 12 esencialnih aminokislin in 8 encimov, ki so nujni za na\u0161o presnovo. Zni\u017eujejo slab holesterol, delujejo antirevmati\u010dno in pomagajo pri diabetesu. Izraz alfalfa izhaja iz Armenije. Beseda v arab\u0161\u010dini pomeni \u00bbo\u010de vse hrane\u00ab.\"  itemprop=\"thumbnailUrl\" ><div class='av-inner-masonry-sizer'><\/div><figure class='av-inner-masonry main_color'><div class=\"av-masonry-outerimage-container\"><div class=\"av-masonry-image-container\" ><img src=\"http:\/\/vrt.majnika.si\/wp-content\/uploads\/2015\/11\/Kal\u010dki-alfalfa-705x470.png\" title=\"ALFALFA oz. LUCERNA (Medicago Sativa)\" alt=\"\" \/><\/div><\/div><figcaption class='av-inner-masonry-content site-background'><div class='av-inner-masonry-content-pos'><div class='av-inner-masonry-content-pos-content'><div class='avia-arrow'><\/div><h3 class='av-masonry-entry-title entry-title'  itemprop=\"headline\" >ALFALFA oz. LUCERNA (Medicago Sativa)<\/h3><div class='av-masonry-entry-content entry-content'  itemprop=\"text\" >Alfalfa so najbolj hranljivi kal\u010dki, saj vsebujejo celo vrsto vitaminov in mineralov. Vitamini: A, B1, B2, B6, B12, C, D, E, K, U. Minerali: kalcij, magnezij, kalij, \u017eelezo, cink, selen, natrij. Vsebujejo 35 % beljakovin, imajo 12 esencialnih aminokislin in 8 encimov, ki so nujni za na\u0161o presnovo. Zni\u017eujejo slab holesterol, delujejo antirevmati\u010dno in pomagajo pri diabetesu. Izraz alfalfa izhaja iz Armenije. Beseda v arab\u0161\u010dini pomeni \u00bbo\u010de vse hrane\u00ab.<\/div><\/div><\/div><\/figcaption><\/figure><\/a><!--end av-masonry entry--><a href=\"http:\/\/vrt.majnika.si\/wp-content\/uploads\/2015\/11\/Kal\u010dki-son\u010dnice-1.png\" id='av-masonry-2-item-643' data-av-masonry-item='643' class='av-masonry-entry isotope-item post-643 attachment type-attachment status-inherit hentry  av-masonry-item-with-image' title=\"Kal\u010dki son\u010dnic so odli\u010den vir beljakovin in vitamina D; krepijo zdravje zob, kosti, mi\u0161ic in \u017eiv\u010dnega sistema. Vsebujejo vitamine: A, B1, B2, B5, B12, D, C, E in minerale: fosfor, kalij, kalcij, magnezij in selen.\"  itemprop=\"thumbnailUrl\" ><div class='av-inner-masonry-sizer'><\/div><figure class='av-inner-masonry main_color'><div class=\"av-masonry-outerimage-container\"><div class=\"av-masonry-image-container\" ><img src=\"http:\/\/vrt.majnika.si\/wp-content\/uploads\/2015\/11\/Kal\u010dki-son\u010dnice-1-705x470.png\" title=\"SON\u010cNICE (Helianthus annus)\" alt=\"\" \/><\/div><\/div><figcaption class='av-inner-masonry-content site-background'><div class='av-inner-masonry-content-pos'><div class='av-inner-masonry-content-pos-content'><div class='avia-arrow'><\/div><h3 class='av-masonry-entry-title entry-title'  itemprop=\"headline\" >SON\u010cNICE (Helianthus annus)<\/h3><div class='av-masonry-entry-content entry-content'  itemprop=\"text\" >Kal\u010dki son\u010dnic so odli\u010den vir beljakovin in vitamina D; krepijo zdravje zob, kosti, mi\u0161ic in \u017eiv\u010dnega sistema. Vsebujejo vitamine: A, B1, B2, B5, B12, D, C, E in minerale: fosfor, kalij, kalcij, magnezij in selen.<\/div><\/div><\/div><\/figcaption><\/figure><\/a><!--end av-masonry entry--><\/div><\/div><\/p><\/div><div class='av-social-sharing-box  '><div class='av-share-box'><h5 class='av-share-link-description'>Deli stran s prijatelji<\/h5><ul class='av-share-box-list noLightbox'><li class='av-share-link av-social-link-facebook' ><a target='_blank' href='http:\/\/www.facebook.com\/sharer.php?u=http:\/\/vrt.majnika.si\/it\/eko-kalcki\/&amp;t=Eko%20kal%C4%8Dki' aria-hidden='true' data-av_icon='\ue8f3' data-av_iconfont='entypo-fontello' title='' data-avia-related-tooltip='Condividi su Facebook'><span class='avia_hidden_link_text'>Condividi su Facebook<\/span><\/a><\/li><li class='av-share-link av-social-link-twitter' ><a target='_blank' href='https:\/\/twitter.com\/share?text=Eko%20kal%C4%8Dki&url=http:\/\/vrt.majnika.si\/it\/?p=409' aria-hidden='true' data-av_icon='\ue8f1' data-av_iconfont='entypo-fontello' title='' data-avia-related-tooltip='Condividi su Twitter'><span class='avia_hidden_link_text'>Condividi su Twitter<\/span><\/a><\/li><li class='av-share-link av-social-link-gplus' ><a target='_blank' href='https:\/\/plus.google.com\/share?url=http:\/\/vrt.majnika.si\/it\/eko-kalcki\/' aria-hidden='true' data-av_icon='\ue8f6' data-av_iconfont='entypo-fontello' title='' data-avia-related-tooltip='Condividi su Google+'><span class='avia_hidden_link_text'>Condividi su Google+<\/span><\/a><\/li><li class='av-share-link av-social-link-pinterest' ><a target='_blank' href='http:\/\/pinterest.com\/pin\/create\/button\/?url=http%3A%2F%2Fvrt.majnika.si%2Fit%2Feko-kalcki%2F&amp;description=Eko%20kal%C4%8Dki&amp;media=' aria-hidden='true' data-av_icon='\ue8f8' data-av_iconfont='entypo-fontello' title='' data-avia-related-tooltip='Condividi su Pinterest'><span class='avia_hidden_link_text'>Condividi su Pinterest<\/span><\/a><\/li><li class='av-share-link av-social-link-linkedin' ><a target='_blank' href='http:\/\/linkedin.com\/shareArticle?mini=true&amp;title=Eko%20kal%C4%8Dki&amp;url=http:\/\/vrt.majnika.si\/it\/eko-kalcki\/' aria-hidden='true' data-av_icon='\ue8fc' data-av_iconfont='entypo-fontello' title='' data-avia-related-tooltip='Condividi su Linkedin'><span class='avia_hidden_link_text'>Condividi su Linkedin<\/span><\/a><\/li><li class='av-share-link av-social-link-mail' ><a  href='mailto:?subject=Eko%20kal%C4%8Dki&amp;body=http:\/\/vrt.majnika.si\/it\/eko-kalcki\/' aria-hidden='true' data-av_icon='\ue805' data-av_iconfont='entypo-fontello' title='' data-avia-related-tooltip='Condividi attraverso Mail'><span class='avia_hidden_link_text'>Condividi attraverso Mail<\/span><\/a><\/li><\/ul><\/div><\/div><\/p>","protected":false},"excerpt":{"rendered":"","protected":false},"author":1,"featured_media":0,"parent":0,"menu_order":0,"comment_status":"closed","ping_status":"closed","template":"","meta":[],"_links":{"self":[{"href":"http:\/\/vrt.majnika.si\/it\/wp-json\/wp\/v2\/pages\/409"}],"collection":[{"href":"http:\/\/vrt.majnika.si\/it\/wp-json\/wp\/v2\/pages"}],"about":[{"href":"http:\/\/vrt.majnika.si\/it\/wp-json\/wp\/v2\/types\/page"}],"author":[{"embeddable":true,"href":"http:\/\/vrt.majnika.si\/it\/wp-json\/wp\/v2\/users\/1"}],"replies":[{"embeddable":true,"href":"http:\/\/vrt.majnika.si\/it\/wp-json\/wp\/v2\/comments?post=409"}],"version-history":[{"count":36,"href":"http:\/\/vrt.majnika.si\/it\/wp-json\/wp\/v2\/pages\/409\/revisions"}],"predecessor-version":[{"id":1135,"href":"http:\/\/vrt.majnika.si\/it\/wp-json\/wp\/v2\/pages\/409\/revisions\/1135"}],"wp:attachment":[{"href":"http:\/\/vrt.majnika.si\/it\/wp-json\/wp\/v2\/media?parent=409"}],"curies":[{"name":"wp","href":"https:\/\/api.w.org\/{rel}","templated":true}]}}